{"id":417,"date":"2026-01-21T11:18:19","date_gmt":"2026-01-21T02:18:19","guid":{"rendered":"https:\/\/machine-kaihatsu.com\/?page_id=417"},"modified":"2026-02-05T17:32:51","modified_gmt":"2026-02-05T08:32:51","slug":"privacy-policy","status":"publish","type":"page","link":"https:\/\/machine-kaihatsu.com\/es\/privacy-policy\/","title":{"rendered":"Pol\u00edtica de Privacidad"},"content":{"rendered":"\n<hr class=\"wp-block-separator has-alpha-channel-opacity\"\/>\n\n\n\n<h2 class=\"wp-block-heading\">Pol\u00edtica de Privacidad<\/h2>\n\n\n\n<p>Machine Kaihatsu Co., Ltd. (en adelante, \u201cla Empresa\u201d) establece la siguiente Pol\u00edtica de Privacidad (en adelante, \u201cla Pol\u00edtica\u201d) con respecto al tratamiento de la informaci\u00f3n personal de los usuarios en relaci\u00f3n con los servicios proporcionados en este sitio web (en adelante, \u201clos Servicios\u201d).<\/p>\n\n\n\n<h3 class=\"wp-block-heading\">Art\u00edculo 1 (Informaci\u00f3n personal)<\/h3>\n\n\n\n<p>Por \u201cinformaci\u00f3n personal\u201d se entender\u00e1 la \u201cinformaci\u00f3n personal\u201d seg\u00fan lo definido en la Ley de Protecci\u00f3n de la Informaci\u00f3n Personal de Jap\u00f3n, es decir, informaci\u00f3n relativa a una persona f\u00edsica viva que permita identificar a un individuo espec\u00edfico mediante el nombre, fecha de nacimiento, direcci\u00f3n, n\u00famero de tel\u00e9fono, datos de contacto u otras descripciones incluidas en dicha informaci\u00f3n, as\u00ed como datos relacionados con caracter\u00edsticas f\u00edsicas como el rostro, huellas dactilares o huellas de voz, y otra informaci\u00f3n como el n\u00famero del asegurador en la tarjeta del seguro de salud que permita identificar a una persona espec\u00edfica por s\u00ed sola (informaci\u00f3n de identificaci\u00f3n personal).<\/p>\n\n\n\n<h3 class=\"wp-block-heading\">Art\u00edculo 2 (M\u00e9todos de recopilaci\u00f3n de informaci\u00f3n personal)<\/h3>\n\n\n\n<p>La Empresa podr\u00e1 solicitar informaci\u00f3n personal como nombre, fecha de nacimiento, direcci\u00f3n, n\u00famero de tel\u00e9fono, direcci\u00f3n de correo electr\u00f3nico, n\u00famero de cuenta bancaria, n\u00famero de tarjeta de cr\u00e9dito, n\u00famero de licencia de conducir, etc., cuando el usuario se registre para utilizar los Servicios.<br>Asimismo, la Empresa podr\u00e1 recopilar registros de transacciones e informaci\u00f3n relacionada con pagos que incluyan informaci\u00f3n personal de los usuarios, de socios comerciales con los que los usuarios hayan realizado transacciones (incluidos proveedores de informaci\u00f3n, anunciantes y distribuidores de publicidad; en adelante, \u201cSocios\u201d).<\/p>\n\n\n\n<h3 class=\"wp-block-heading\">Art\u00edculo 3 (Finalidades de la recopilaci\u00f3n y uso de la informaci\u00f3n personal)<\/h3>\n\n\n\n<p>Las finalidades para las que la Empresa recopila y utiliza la informaci\u00f3n personal son las siguientes:<\/p>\n\n\n\n<ul class=\"wp-block-list\">\n<li>Proporcionar y operar los Servicios de la Empresa<\/li>\n\n\n\n<li>Responder a consultas de los usuarios (incluida la verificaci\u00f3n de identidad)<\/li>\n\n\n\n<li>Enviar correos electr\u00f3nicos con informaci\u00f3n sobre nuevas funciones, actualizaciones, campa\u00f1as de los servicios en uso y otros servicios ofrecidos por la Empresa<\/li>\n\n\n\n<li>Contactar a los usuarios cuando sea necesario por motivos de mantenimiento o avisos importantes<\/li>\n\n\n\n<li>Identificar a los usuarios que infrinjan los t\u00e9rminos de uso o intenten utilizar los Servicios con fines fraudulentos o indebidos, y denegarles el uso<\/li>\n\n\n\n<li>Permitir a los usuarios consultar, modificar o eliminar su informaci\u00f3n registrada, as\u00ed como revisar su estado de uso<\/li>\n\n\n\n<li>Facturar a los usuarios las tarifas correspondientes a servicios de pago<\/li>\n\n\n\n<li>Finalidades accesorias a las anteriores<\/li>\n<\/ul>\n\n\n\n<h3 class=\"wp-block-heading\">Art\u00edculo 4 (Cambio de la finalidad de uso)<\/h3>\n\n\n\n<p>La Empresa solo modificar\u00e1 la finalidad de uso de la informaci\u00f3n personal cuando se considere razonablemente que la nueva finalidad est\u00e1 relacionada con la original.<br>En caso de realizarse dicho cambio, la Empresa notificar\u00e1 a los usuarios o lo publicar\u00e1 en este sitio web mediante el m\u00e9todo establecido por la Empresa.<\/p>\n\n\n\n<h3 class=\"wp-block-heading\">Art\u00edculo 5 (Provisi\u00f3n de informaci\u00f3n personal a terceros)<\/h3>\n\n\n\n<p>La Empresa no proporcionar\u00e1 informaci\u00f3n personal a terceros sin el consentimiento previo del usuario, salvo en los siguientes casos o cuando lo permitan la Ley de Protecci\u00f3n de la Informaci\u00f3n Personal u otras leyes y reglamentos aplicables:<\/p>\n\n\n\n<ul class=\"wp-block-list\">\n<li>Cuando sea necesario para proteger la vida, el cuerpo o los bienes de una persona y resulte dif\u00edcil obtener el consentimiento del interesado<\/li>\n\n\n\n<li>Cuando sea particularmente necesario para mejorar la salud p\u00fablica o promover el sano desarrollo de los menores y resulte dif\u00edcil obtener el consentimiento del interesado<\/li>\n\n\n\n<li>Cuando sea necesario cooperar con organismos gubernamentales nacionales o locales, o con entidades encargadas por estos de ejecutar funciones legalmente establecidas, y la obtenci\u00f3n del consentimiento pueda obstaculizar la ejecuci\u00f3n de dichas funciones<\/li>\n\n\n\n<li>Cuando se hayan notificado o hecho p\u00fablicos previamente los siguientes puntos y la Empresa haya presentado la notificaci\u00f3n correspondiente ante la Comisi\u00f3n de Protecci\u00f3n de la Informaci\u00f3n Personal:<\/li>\n\n\n\n<li>Que la finalidad de uso incluye la provisi\u00f3n a terceros<\/li>\n\n\n\n<li>Los elementos de datos que se proporcionar\u00e1n a terceros<\/li>\n\n\n\n<li>Los medios o m\u00e9todos de provisi\u00f3n a terceros<\/li>\n\n\n\n<li>La suspensi\u00f3n de la provisi\u00f3n de informaci\u00f3n personal a terceros a solicitud del interesado<\/li>\n\n\n\n<li>El m\u00e9todo para aceptar dichas solicitudes<\/li>\n<\/ul>\n\n\n\n<p>No obstante lo anterior, los siguientes casos no se considerar\u00e1n provisi\u00f3n a terceros:<\/p>\n\n\n\n<ul class=\"wp-block-list\">\n<li>Cuando la Empresa subcontrate total o parcialmente el tratamiento de la informaci\u00f3n personal dentro del alcance necesario para lograr la finalidad de uso<\/li>\n\n\n\n<li>Cuando la informaci\u00f3n personal sea proporcionada como consecuencia de la sucesi\u00f3n de un negocio debido a una fusi\u00f3n u otras razones<\/li>\n\n\n\n<li>Cuando la informaci\u00f3n personal se utilice conjuntamente con personas espec\u00edficas, siempre que se notifique previamente al interesado, o se ponga en un estado f\u00e1cilmente accesible, el hecho del uso conjunto, los elementos de la informaci\u00f3n personal utilizada conjuntamente, el alcance de los usuarios conjuntos, la finalidad de uso de dichos usuarios y el nombre o denominaci\u00f3n de la persona responsable de la gesti\u00f3n de dicha informaci\u00f3n personal<\/li>\n<\/ul>\n\n\n\n<h3 class=\"wp-block-heading\">Art\u00edculo 6 (Divulgaci\u00f3n de informaci\u00f3n personal)<\/h3>\n\n\n\n<p>Cuando la Empresa reciba una solicitud de divulgaci\u00f3n de informaci\u00f3n personal por parte del interesado, la Empresa divulgar\u00e1 dicha informaci\u00f3n sin demora. No obstante, si la divulgaci\u00f3n se encuadra en alguno de los siguientes supuestos, la Empresa podr\u00e1 no divulgar total o parcialmente la informaci\u00f3n y notificar\u00e1 dicha decisi\u00f3n sin demora. Se cobrar\u00e1 una tarifa de 1.000 yenes japoneses por cada solicitud de divulgaci\u00f3n.<\/p>\n\n\n\n<ul class=\"wp-block-list\">\n<li>Cuando exista el riesgo de perjudicar la vida, el cuerpo, los bienes u otros derechos e intereses del interesado o de un tercero<\/li>\n\n\n\n<li>Cuando exista el riesgo de causar una interferencia significativa en la correcta ejecuci\u00f3n de las operaciones de la Empresa<\/li>\n\n\n\n<li>Cuando la divulgaci\u00f3n infrinja otras leyes o reglamentos<\/li>\n<\/ul>\n\n\n\n<p>No obstante lo anterior, la Empresa, por principio, no divulgar\u00e1 informaci\u00f3n que no sea informaci\u00f3n personal, como informaci\u00f3n hist\u00f3rica o de caracter\u00edsticas.<\/p>\n\n\n\n<h3 class=\"wp-block-heading\">Art\u00edculo 7 (Correcci\u00f3n y eliminaci\u00f3n de informaci\u00f3n personal)<\/h3>\n\n\n\n<p>Si un usuario considera que la informaci\u00f3n personal que la Empresa posee sobre \u00e9l es incorrecta, podr\u00e1 solicitar su correcci\u00f3n, adici\u00f3n o eliminaci\u00f3n (en adelante, \u201cCorrecciones, etc.\u201d) de acuerdo con los procedimientos establecidos por la Empresa.<\/p>\n\n\n\n<p>Si la Empresa determina que es necesario atender dicha solicitud, realizar\u00e1 las Correcciones, etc. sin demora.<\/p>\n\n\n\n<p>La Empresa notificar\u00e1 al usuario sin demora cuando se hayan realizado las Correcciones, etc., o cuando haya decidido no realizarlas.<\/p>\n\n\n\n<h3 class=\"wp-block-heading\">Art\u00edculo 8 (Suspensi\u00f3n del uso de la informaci\u00f3n personal)<\/h3>\n\n\n\n<p>Si el interesado solicita la suspensi\u00f3n o eliminaci\u00f3n del uso de la informaci\u00f3n personal (en adelante, \u201cSuspensi\u00f3n del uso, etc.\u201d) alegando que la informaci\u00f3n se est\u00e1 utilizando fuera del alcance de la finalidad declarada o que fue obtenida por medios indebidos, la Empresa llevar\u00e1 a cabo las investigaciones necesarias sin demora.<\/p>\n\n\n\n<p>Con base en los resultados de dichas investigaciones, si la Empresa determina que es necesario atender la solicitud, implementar\u00e1 la Suspensi\u00f3n del uso, etc. sin demora.<\/p>\n\n\n\n<p>La Empresa notificar\u00e1 al usuario sin demora cuando se haya realizado la Suspensi\u00f3n del uso, etc., o cuando haya decidido no realizarla.<\/p>\n\n\n\n<p>No obstante lo anterior, si la Suspensi\u00f3n del uso, etc. implica costos significativos u otras dificultades, y pueden adoptarse medidas alternativas necesarias para proteger los derechos e intereses del usuario, la Empresa adoptar\u00e1 dichas medidas alternativas.<\/p>\n\n\n\n<h3 class=\"wp-block-heading\">Art\u00edculo 9 (Cambios en la Pol\u00edtica de Privacidad)<\/h3>\n\n\n\n<p>El contenido de esta Pol\u00edtica podr\u00e1 modificarse sin notificaci\u00f3n previa a los usuarios, salvo que la ley u otras disposiciones de esta Pol\u00edtica establezcan lo contrario.<\/p>\n\n\n\n<p>Salvo que la Empresa disponga lo contrario, la Pol\u00edtica de Privacidad modificada entrar\u00e1 en vigor en el momento de su publicaci\u00f3n en este sitio web.<\/p>\n\n\n\n<h3 class=\"wp-block-heading\">Art\u00edculo 10 (Contacto)<\/h3>\n\n\n\n<p>Para consultas relacionadas con esta Pol\u00edtica, p\u00f3ngase en contacto con nosotros a trav\u00e9s de los siguientes datos:<\/p>\n\n\n\n<p>Direcci\u00f3n: Kumagaya, Prefectura de Saitama, Jap\u00f3n<br>Nombre de la empresa: Machine Kaihatsu Co., Ltd.<br>Director General: Takumi Hashimoto<br>Correo electr\u00f3nico: <a href=\"mailto:info@machine-kaihatsu.com\">contact@machine-kaihatsu.com<\/a><\/p>\n\n\n\n<hr class=\"wp-block-separator has-alpha-channel-opacity\"\/>\n\n\n\n<p><\/p>\n\n\n\n<p><\/p>\n","protected":false},"excerpt":{"rendered":"<p>Pol\u00edtica de Privacidad Machine Kaihatsu Co., Ltd. (en adelante, \u201cla Empresa\u201d) establece la siguiente Pol\u00edtica  [&hellip;]<\/p>\n","protected":false},"author":1,"featured_media":0,"parent":0,"menu_order":0,"comment_status":"closed","ping_status":"open","template":"","meta":{"_locale":"es_ES","_original_post":"http:\/\/machine-kaihatsu.com\/?page_id=3","vkexunit_cta_each_option":"","footnotes":""},"class_list":["post-417","page","type-page","status-publish","hentry","es-ES"],"_links":{"self":[{"href":"https:\/\/machine-kaihatsu.com\/wp-json\/wp\/v2\/pages\/417","targetHints":{"allow":["GET"]}}],"collection":[{"href":"https:\/\/machine-kaihatsu.com\/wp-json\/wp\/v2\/pages"}],"about":[{"href":"https:\/\/machine-kaihatsu.com\/wp-json\/wp\/v2\/types\/page"}],"author":[{"embeddable":true,"href":"https:\/\/machine-kaihatsu.com\/wp-json\/wp\/v2\/users\/1"}],"replies":[{"embeddable":true,"href":"https:\/\/machine-kaihatsu.com\/wp-json\/wp\/v2\/comments?post=417"}],"version-history":[{"count":2,"href":"https:\/\/machine-kaihatsu.com\/wp-json\/wp\/v2\/pages\/417\/revisions"}],"predecessor-version":[{"id":437,"href":"https:\/\/machine-kaihatsu.com\/wp-json\/wp\/v2\/pages\/417\/revisions\/437"}],"wp:attachment":[{"href":"https:\/\/machine-kaihatsu.com\/wp-json\/wp\/v2\/media?parent=417"}],"curies":[{"name":"wp","href":"https:\/\/api.w.org\/{rel}","templated":true}]}}