{"id":406,"date":"2026-01-21T11:02:39","date_gmt":"2026-01-21T02:02:39","guid":{"rendered":"https:\/\/machine-kaihatsu.com\/?page_id=406"},"modified":"2026-01-21T11:06:50","modified_gmt":"2026-01-21T02:06:50","slug":"contact","status":"publish","type":"page","link":"https:\/\/machine-kaihatsu.com\/es\/contact\/","title":{"rendered":"Contacto"},"content":{"rendered":"\n<p>Para consultas, p\u00f3ngase en contacto con nosotros a trav\u00e9s del formulario a continuaci\u00f3n.<br>Por favor, complete los campos obligatorios y haga clic en -send-.<\/p>\n\n\n\n<div class=\"wpcf7 no-js\" id=\"wpcf7-f413-o1\" lang=\"ja\" dir=\"ltr\" data-wpcf7-id=\"413\">\n<div class=\"screen-reader-response\"><p role=\"status\" aria-live=\"polite\" aria-atomic=\"true\"><\/p> <ul><\/ul><\/div>\n<form action=\"\/es\/wp-json\/wp\/v2\/pages\/406#wpcf7-f413-o1\" method=\"post\" class=\"wpcf7-form init\" aria-label=\"\u30b3\u30f3\u30bf\u30af\u30c8\u30d5\u30a9\u30fc\u30e0\" novalidate=\"novalidate\" data-status=\"init\">\n<fieldset class=\"hidden-fields-container\"><input type=\"hidden\" name=\"_wpcf7\" value=\"413\" \/><input type=\"hidden\" name=\"_wpcf7_version\" value=\"6.1.4\" \/><input type=\"hidden\" name=\"_wpcf7_locale\" value=\"ja\" \/><input type=\"hidden\" name=\"_wpcf7_unit_tag\" value=\"wpcf7-f413-o1\" \/><input type=\"hidden\" name=\"_wpcf7_container_post\" value=\"0\" \/><input type=\"hidden\" name=\"_wpcf7_posted_data_hash\" value=\"\" \/>\n<\/fieldset>\n<p><label> Nombre<br \/>\n<span class=\"wpcf7-form-control-wrap\" data-name=\"your-name\"><input size=\"40\" maxlength=\"400\" class=\"wpcf7-form-control wpcf7-text wpcf7-validates-as-required\" autocomplete=\"name\" aria-required=\"true\" aria-invalid=\"false\" value=\"\" type=\"text\" name=\"your-name\" \/><\/span> <\/label>\n<\/p>\n<p><label> Direcci\u00f3n de correo electr\u00f3nico<br \/>\n<span class=\"wpcf7-form-control-wrap\" data-name=\"your-email\"><input size=\"40\" maxlength=\"400\" class=\"wpcf7-form-control wpcf7-email wpcf7-validates-as-required wpcf7-text wpcf7-validates-as-email\" autocomplete=\"email\" aria-required=\"true\" aria-invalid=\"false\" value=\"\" type=\"email\" name=\"your-email\" \/><\/span> <\/label>\n<\/p>\n<p><label> Asunto<br \/>\n<span class=\"wpcf7-form-control-wrap\" data-name=\"your-subject\"><input size=\"40\" maxlength=\"400\" class=\"wpcf7-form-control wpcf7-text wpcf7-validates-as-required\" aria-required=\"true\" aria-invalid=\"false\" value=\"\" type=\"text\" name=\"your-subject\" \/><\/span> <\/label>\n<\/p>\n<p><label> Mensaje<br \/>\n<span class=\"wpcf7-form-control-wrap\" data-name=\"your-message\"><textarea cols=\"40\" rows=\"10\" maxlength=\"2000\" class=\"wpcf7-form-control wpcf7-textarea\" aria-invalid=\"false\" name=\"your-message\"><\/textarea><\/span> <\/label>\n<\/p>\n<p><input class=\"wpcf7-form-control wpcf7-submit has-spinner\" type=\"submit\" value=\"send\" \/>\n<\/p><div class=\"wpcf7-response-output\" aria-hidden=\"true\"><\/div>\n<\/form>\n<\/div>\n\n\n\n\n<p><\/p>\n","protected":false},"excerpt":{"rendered":"<p>Para consultas, p\u00f3ngase en contacto con nosotros a trav\u00e9s del formulario a continuaci\u00f3n.Por favor, complete lo [&hellip;]<\/p>\n","protected":false},"author":1,"featured_media":0,"parent":0,"menu_order":0,"comment_status":"closed","ping_status":"closed","template":"","meta":{"_locale":"es_ES","_original_post":"https:\/\/machine-kaihatsu.com\/?page_id=131","vkexunit_cta_each_option":"","footnotes":""},"class_list":["post-406","page","type-page","status-publish","hentry","es-ES"],"_links":{"self":[{"href":"https:\/\/machine-kaihatsu.com\/wp-json\/wp\/v2\/pages\/406","targetHints":{"allow":["GET"]}}],"collection":[{"href":"https:\/\/machine-kaihatsu.com\/wp-json\/wp\/v2\/pages"}],"about":[{"href":"https:\/\/machine-kaihatsu.com\/wp-json\/wp\/v2\/types\/page"}],"author":[{"embeddable":true,"href":"https:\/\/machine-kaihatsu.com\/wp-json\/wp\/v2\/users\/1"}],"replies":[{"embeddable":true,"href":"https:\/\/machine-kaihatsu.com\/wp-json\/wp\/v2\/comments?post=406"}],"version-history":[{"count":4,"href":"https:\/\/machine-kaihatsu.com\/wp-json\/wp\/v2\/pages\/406\/revisions"}],"predecessor-version":[{"id":414,"href":"https:\/\/machine-kaihatsu.com\/wp-json\/wp\/v2\/pages\/406\/revisions\/414"}],"wp:attachment":[{"href":"https:\/\/machine-kaihatsu.com\/wp-json\/wp\/v2\/media?parent=406"}],"curies":[{"name":"wp","href":"https:\/\/api.w.org\/{rel}","templated":true}]}}