{"id":402,"date":"2026-01-21T10:57:46","date_gmt":"2026-01-21T01:57:46","guid":{"rendered":"https:\/\/machine-kaihatsu.com\/?page_id=402"},"modified":"2026-01-21T10:57:47","modified_gmt":"2026-01-21T01:57:47","slug":"profile","status":"publish","type":"page","link":"https:\/\/machine-kaihatsu.com\/es\/profile\/","title":{"rendered":"Perfil"},"content":{"rendered":"\n<h4 class=\"wp-block-heading is-style-vk-heading-solid_bottomborder_black\">Informaci\u00f3n b\u00e1sica<\/h4>\n\n\n\n<figure class=\"wp-block-table is-style-vk-table-border-top-bottom has-large-font-size\"><table><tbody><tr><td>Nombre de la empresa<\/td><td>Machine Kaihatsu Co., Ltd.<\/td><\/tr><tr><td>Ubicaci\u00f3n<\/td><td>Kumagaya, Prefectura de Saitama, Jap\u00f3n<\/td><\/tr><tr><td>Fecha de fundaci\u00f3n<\/td><td>2026<\/td><\/tr><tr><td>Representante<\/td><td>Takumi Hashimoto<\/td><\/tr><tr><td>Actividad empresarial<\/td><td>Dise\u00f1o, desarrollo y fabricaci\u00f3n de m\u00e1quinas herramienta, utillajes y sistemas rob\u00f3ticos<\/td><\/tr><tr><td>Capital social<\/td><td><\/td><\/tr><tr><td>Empleados<\/td><td>2<\/td><\/tr><tr><td>Tel\u00e9fono<\/td><td>000-0000-0000<\/td><\/tr><tr><td>URL<\/td><td>https:\/\/www.machine-kaihatsu.com<\/td><\/tr><\/tbody><\/table><\/figure>\n\n\n\n<div class=\"wp-block-vk-blocks-spacer vk_spacer vk_spacer-type-margin-top\"><div class=\"vk_block-margin-md--margin-top\"><\/div><\/div>\n\n\n\n<hr class=\"wp-block-separator has-text-color has-border-normal-color has-alpha-channel-opacity has-border-normal-background-color has-background is-style-wide\"\/>\n\n\n\n<div class=\"wp-block-vk-blocks-spacer vk_spacer vk_spacer-type-margin-top\"><div class=\"vk_block-margin-md--margin-top\"><\/div><\/div>\n\n\n\n<h4 class=\"wp-block-heading is-style-vk-heading-solid_bottomborder_black\">Historia<\/h4>\n\n\n\n<figure class=\"wp-block-table is-style-vk-table-border-top-bottom has-large-font-size\"><table class=\"has-fixed-layout\"><tbody><tr><td class=\"has-text-align-left\" data-align=\"left\">2026<\/td><td class=\"has-text-align-left\" data-align=\"left\">Fundaci\u00f3n de la empresa<\/td><\/tr><\/tbody><\/table><\/figure>\n\n\n\n<div class=\"wp-block-vk-blocks-spacer vk_spacer vk_spacer-type-margin-top\"><div class=\"vk_block-margin-md--margin-top\"><\/div><\/div>\n\n\n\n<hr class=\"wp-block-separator has-text-color has-border-normal-color has-alpha-channel-opacity has-border-normal-background-color has-background is-style-wide\"\/>\n\n\n\n<p><\/p>\n","protected":false},"excerpt":{"rendered":"<p>Informaci\u00f3n b\u00e1sica Nombre de la empresa Machine Kaihatsu Co., Ltd. Ubicaci\u00f3n Kumagaya, Prefectura de Saitama,  [&hellip;]<\/p>\n","protected":false},"author":1,"featured_media":0,"parent":0,"menu_order":0,"comment_status":"closed","ping_status":"closed","template":"","meta":{"_locale":"es_ES","_original_post":"https:\/\/machine-kaihatsu.com\/?page_id=124","vkexunit_cta_each_option":"","footnotes":""},"class_list":["post-402","page","type-page","status-publish","hentry","es-ES"],"_links":{"self":[{"href":"https:\/\/machine-kaihatsu.com\/wp-json\/wp\/v2\/pages\/402","targetHints":{"allow":["GET"]}}],"collection":[{"href":"https:\/\/machine-kaihatsu.com\/wp-json\/wp\/v2\/pages"}],"about":[{"href":"https:\/\/machine-kaihatsu.com\/wp-json\/wp\/v2\/types\/page"}],"author":[{"embeddable":true,"href":"https:\/\/machine-kaihatsu.com\/wp-json\/wp\/v2\/users\/1"}],"replies":[{"embeddable":true,"href":"https:\/\/machine-kaihatsu.com\/wp-json\/wp\/v2\/comments?post=402"}],"version-history":[{"count":1,"href":"https:\/\/machine-kaihatsu.com\/wp-json\/wp\/v2\/pages\/402\/revisions"}],"predecessor-version":[{"id":403,"href":"https:\/\/machine-kaihatsu.com\/wp-json\/wp\/v2\/pages\/402\/revisions\/403"}],"wp:attachment":[{"href":"https:\/\/machine-kaihatsu.com\/wp-json\/wp\/v2\/media?parent=402"}],"curies":[{"name":"wp","href":"https:\/\/api.w.org\/{rel}","templated":true}]}}