{"id":399,"date":"2026-01-21T10:52:23","date_gmt":"2026-01-21T01:52:23","guid":{"rendered":"https:\/\/machine-kaihatsu.com\/?page_id=399"},"modified":"2026-01-21T10:53:05","modified_gmt":"2026-01-21T01:53:05","slug":"workflow","status":"publish","type":"page","link":"https:\/\/machine-kaihatsu.com\/es\/workflow\/","title":{"rendered":"Flujo de trabajo"},"content":{"rendered":"\n<h2 class=\"wp-block-heading\">En caso de dise\u00f1o y fabricaci\u00f3n<\/h2>\n\n\n\n<figure class=\"wp-block-image size-full is-resized\"><img loading=\"lazy\" decoding=\"async\" width=\"2000\" height=\"1369\" src=\"https:\/\/machine-kaihatsu.com\/wp-content\/uploads\/2026\/01\/flow1.jpg\" alt=\"\" class=\"wp-image-325\" style=\"aspect-ratio:1.4609489646176423;width:766px;height:auto\" srcset=\"https:\/\/machine-kaihatsu.com\/wp-content\/uploads\/2026\/01\/flow1.jpg 2000w, https:\/\/machine-kaihatsu.com\/wp-content\/uploads\/2026\/01\/flow1-300x205.jpg 300w, https:\/\/machine-kaihatsu.com\/wp-content\/uploads\/2026\/01\/flow1-1024x701.jpg 1024w, https:\/\/machine-kaihatsu.com\/wp-content\/uploads\/2026\/01\/flow1-150x103.jpg 150w, https:\/\/machine-kaihatsu.com\/wp-content\/uploads\/2026\/01\/flow1-768x526.jpg 768w, https:\/\/machine-kaihatsu.com\/wp-content\/uploads\/2026\/01\/flow1-1536x1051.jpg 1536w\" sizes=\"auto, (max-width: 2000px) 100vw, 2000px\" \/><\/figure>\n\n\n\n<div class=\"wp-block-vk-blocks-spacer vk_spacer vk_spacer-type-margin-top\"><div class=\"vk_block-margin-md--margin-top\"><\/div><\/div>\n\n\n\n<hr class=\"wp-block-separator has-text-color has-border-normal-color has-alpha-channel-opacity has-border-normal-background-color has-background is-style-wide\"\/>\n\n\n\n<h2 class=\"wp-block-heading\">En caso de solo dise\u00f1o<\/h2>\n\n\n\n<figure class=\"wp-block-image size-full is-resized\"><img loading=\"lazy\" decoding=\"async\" width=\"1987\" height=\"2914\" src=\"https:\/\/machine-kaihatsu.com\/wp-content\/uploads\/2026\/01\/flow2.png\" alt=\"\" class=\"wp-image-326\" style=\"aspect-ratio:0.6818808801286137;width:339px;height:auto\" srcset=\"https:\/\/machine-kaihatsu.com\/wp-content\/uploads\/2026\/01\/flow2.png 1987w, https:\/\/machine-kaihatsu.com\/wp-content\/uploads\/2026\/01\/flow2-205x300.png 205w, https:\/\/machine-kaihatsu.com\/wp-content\/uploads\/2026\/01\/flow2-698x1024.png 698w, https:\/\/machine-kaihatsu.com\/wp-content\/uploads\/2026\/01\/flow2-102x150.png 102w, https:\/\/machine-kaihatsu.com\/wp-content\/uploads\/2026\/01\/flow2-768x1126.png 768w, https:\/\/machine-kaihatsu.com\/wp-content\/uploads\/2026\/01\/flow2-1047x1536.png 1047w, https:\/\/machine-kaihatsu.com\/wp-content\/uploads\/2026\/01\/flow2-1396x2048.png 1396w\" sizes=\"auto, (max-width: 1987px) 100vw, 1987px\" \/><\/figure>\n\n\n\n<div class=\"wp-block-vk-blocks-spacer vk_spacer vk_spacer-type-margin-top\"><div class=\"vk_block-margin-md--margin-top\"><\/div><\/div>\n","protected":false},"excerpt":{"rendered":"<p>En caso de dise\u00f1o y fabricaci\u00f3n En caso de solo dise\u00f1o<\/p>\n","protected":false},"author":1,"featured_media":0,"parent":0,"menu_order":0,"comment_status":"closed","ping_status":"closed","template":"","meta":{"_locale":"es_ES","_original_post":"https:\/\/machine-kaihatsu.com\/?page_id=118","vkexunit_cta_each_option":"","footnotes":""},"class_list":["post-399","page","type-page","status-publish","hentry","es-ES"],"_links":{"self":[{"href":"https:\/\/machine-kaihatsu.com\/wp-json\/wp\/v2\/pages\/399","targetHints":{"allow":["GET"]}}],"collection":[{"href":"https:\/\/machine-kaihatsu.com\/wp-json\/wp\/v2\/pages"}],"about":[{"href":"https:\/\/machine-kaihatsu.com\/wp-json\/wp\/v2\/types\/page"}],"author":[{"embeddable":true,"href":"https:\/\/machine-kaihatsu.com\/wp-json\/wp\/v2\/users\/1"}],"replies":[{"embeddable":true,"href":"https:\/\/machine-kaihatsu.com\/wp-json\/wp\/v2\/comments?post=399"}],"version-history":[{"count":2,"href":"https:\/\/machine-kaihatsu.com\/wp-json\/wp\/v2\/pages\/399\/revisions"}],"predecessor-version":[{"id":401,"href":"https:\/\/machine-kaihatsu.com\/wp-json\/wp\/v2\/pages\/399\/revisions\/401"}],"wp:attachment":[{"href":"https:\/\/machine-kaihatsu.com\/wp-json\/wp\/v2\/media?parent=399"}],"curies":[{"name":"wp","href":"https:\/\/api.w.org\/{rel}","templated":true}]}}