{"id":395,"date":"2026-01-21T10:39:39","date_gmt":"2026-01-21T01:39:39","guid":{"rendered":"https:\/\/machine-kaihatsu.com\/?page_id=395"},"modified":"2026-01-21T10:47:31","modified_gmt":"2026-01-21T01:47:31","slug":"services","status":"publish","type":"page","link":"https:\/\/machine-kaihatsu.com\/es\/services\/","title":{"rendered":"Servicios"},"content":{"rendered":"\n<h2 class=\"wp-block-heading has-primary-color has-text-color has-link-color wp-elements-f38076d3b3b3ac5f49aaff01fd27e3a8\">Dise\u00f1o y fabricaci\u00f3n de m\u00e1quinas herramienta especiales<\/h2>\n\n\n\n<div class=\"wp-block-columns is-layout-flex wp-container-core-columns-is-layout-28f84493 wp-block-columns-is-layout-flex\">\n<div class=\"wp-block-column is-vertically-aligned-top is-layout-flow wp-block-column-is-layout-flow\" style=\"padding-top:0px;padding-right:0px;padding-bottom:0px;padding-left:0px;flex-basis:33.33%\">\n<figure class=\"wp-block-image size-full\"><img loading=\"lazy\" decoding=\"async\" width=\"371\" height=\"343\" src=\"https:\/\/machine-kaihatsu.com\/wp-content\/uploads\/2026\/01\/6552d4ea1731cc0c8a0bf53b1af9f4d3.png\" alt=\"\u696d\u52d9\u5185\u5bb9_\u5c02\u7528\u6a5f\" class=\"wp-image-99\" srcset=\"https:\/\/machine-kaihatsu.com\/wp-content\/uploads\/2026\/01\/6552d4ea1731cc0c8a0bf53b1af9f4d3.png 371w, https:\/\/machine-kaihatsu.com\/wp-content\/uploads\/2026\/01\/6552d4ea1731cc0c8a0bf53b1af9f4d3-300x277.png 300w, https:\/\/machine-kaihatsu.com\/wp-content\/uploads\/2026\/01\/6552d4ea1731cc0c8a0bf53b1af9f4d3-150x139.png 150w\" sizes=\"auto, (max-width: 371px) 100vw, 371px\" \/><\/figure>\n\n\n\n<div class=\"wp-block-vk-blocks-spacer vk_spacer\"><div class=\"vk_spacer-display-pc\" style=\"margin-top:1px\"><\/div><div class=\"vk_spacer-display-tablet\" style=\"margin-top:1px\"><\/div><div class=\"vk_spacer-display-mobile\" style=\"margin-top:24px\"><\/div><\/div>\n<\/div>\n\n\n\n<div class=\"wp-block-column is-vertically-aligned-top is-layout-flow wp-block-column-is-layout-flow\" style=\"flex-basis:66.66%\">\n<ul class=\"wp-block-list\">\n<li>Principalmente centros de mecanizado y m\u00e1quinas de corte, rectificado y seccionado.<\/li>\n\n\n\n<li>M\u00e1quinas transfer.<\/li>\n\n\n\n<li>Para los sectores de automoci\u00f3n, materiales de construcci\u00f3n, m\u00e9dico, industria general y otros.<\/li>\n\n\n\n<li>Equipos auxiliares, como sistemas de carga y descarga.<\/li>\n<\/ul>\n\n\n\n<p><\/p>\n\n\n\n<p style=\"line-height:2.4\"><\/p>\n\n\n\n<p><\/p>\n<\/div>\n<\/div>\n\n\n\n<div class=\"wp-block-vk-blocks-spacer vk_spacer vk_spacer-type-height vk_spacer-type-margin-top\"><div class=\"vk_block-margin-lg--height\"><\/div><\/div>\n\n\n\n<h2 class=\"wp-block-heading has-primary-color has-text-color has-link-color wp-elements-b6f754096eca535690aac28fb2d73135\">Dise\u00f1o y fabricaci\u00f3n de utillajes<\/h2>\n\n\n\n<div class=\"wp-block-columns is-layout-flex wp-container-core-columns-is-layout-28f84493 wp-block-columns-is-layout-flex\">\n<div class=\"wp-block-column is-vertically-aligned-top is-layout-flow wp-block-column-is-layout-flow\" style=\"padding-top:0px;padding-right:0px;padding-bottom:0px;padding-left:0px;flex-basis:33.33%\">\n<figure class=\"wp-block-image size-full\"><img loading=\"lazy\" decoding=\"async\" width=\"492\" height=\"396\" src=\"https:\/\/machine-kaihatsu.com\/wp-content\/uploads\/2026\/01\/1c1ea06140e945f000f426e9015c3b4b.png\" alt=\"\u696d\u52d9\u5185\u5bb9_\u6cbb\u5177\" class=\"wp-image-100\" srcset=\"https:\/\/machine-kaihatsu.com\/wp-content\/uploads\/2026\/01\/1c1ea06140e945f000f426e9015c3b4b.png 492w, https:\/\/machine-kaihatsu.com\/wp-content\/uploads\/2026\/01\/1c1ea06140e945f000f426e9015c3b4b-300x241.png 300w, https:\/\/machine-kaihatsu.com\/wp-content\/uploads\/2026\/01\/1c1ea06140e945f000f426e9015c3b4b-150x121.png 150w\" sizes=\"auto, (max-width: 492px) 100vw, 492px\" \/><\/figure>\n\n\n\n<div class=\"wp-block-vk-blocks-spacer vk_spacer\"><div class=\"vk_spacer-display-pc\" style=\"margin-top:1px\"><\/div><div class=\"vk_spacer-display-tablet\" style=\"margin-top:1px\"><\/div><div class=\"vk_spacer-display-mobile\" style=\"margin-top:24px\"><\/div><\/div>\n<\/div>\n\n\n\n<div class=\"wp-block-column is-vertically-aligned-top is-layout-flow wp-block-column-is-layout-flow\" style=\"flex-basis:66.66%\">\n<ul style=\"font-size:18px\" class=\"wp-block-list\">\n<li>Compatibles con sistemas neum\u00e1ticos e hidr\u00e1ulicos.<\/li>\n\n\n\n<li>Compatibles con mesas rotativas.<\/li>\n<\/ul>\n\n\n\n<p style=\"line-height:2.4\"><\/p>\n\n\n\n<p style=\"line-height:2.4\"><\/p>\n\n\n\n<p><\/p>\n<\/div>\n<\/div>\n\n\n\n<div class=\"wp-block-vk-blocks-spacer vk_spacer vk_spacer-type-height vk_spacer-type-margin-top\"><div class=\"vk_block-margin-lg--height\"><\/div><\/div>\n\n\n\n<h2 class=\"wp-block-heading has-primary-color has-text-color has-link-color wp-elements-99ac05bb35133039cf0c617981243d95\">Sistemas rob\u00f3ticos<\/h2>\n\n\n\n<div class=\"wp-block-columns is-layout-flex wp-container-core-columns-is-layout-28f84493 wp-block-columns-is-layout-flex\">\n<div class=\"wp-block-column is-vertically-aligned-top is-layout-flow wp-block-column-is-layout-flow\" style=\"padding-top:0px;padding-right:0px;padding-bottom:0px;padding-left:0px;flex-basis:33.33%\">\n<figure class=\"wp-block-image size-full\"><img loading=\"lazy\" decoding=\"async\" width=\"524\" height=\"516\" src=\"https:\/\/machine-kaihatsu.com\/wp-content\/uploads\/2026\/01\/fab4335152c57a54e5ea3137723b6a43.png\" alt=\"\u696d\u52d9\u5185\u5bb9_\u30ed\u30dc\u30c3\u30c8\u30b7\u30b9\u30c6\u30e0\" class=\"wp-image-101\" srcset=\"https:\/\/machine-kaihatsu.com\/wp-content\/uploads\/2026\/01\/fab4335152c57a54e5ea3137723b6a43.png 524w, https:\/\/machine-kaihatsu.com\/wp-content\/uploads\/2026\/01\/fab4335152c57a54e5ea3137723b6a43-300x295.png 300w, https:\/\/machine-kaihatsu.com\/wp-content\/uploads\/2026\/01\/fab4335152c57a54e5ea3137723b6a43-150x148.png 150w\" sizes=\"auto, (max-width: 524px) 100vw, 524px\" \/><\/figure>\n\n\n\n<div class=\"wp-block-vk-blocks-spacer vk_spacer\"><div class=\"vk_spacer-display-pc\" style=\"margin-top:1px\"><\/div><div class=\"vk_spacer-display-tablet\" style=\"margin-top:1px\"><\/div><div class=\"vk_spacer-display-mobile\" style=\"margin-top:24px\"><\/div><\/div>\n<\/div>\n\n\n\n<div class=\"wp-block-column is-vertically-aligned-top is-layout-flow wp-block-column-is-layout-flow\" style=\"flex-basis:66.66%\">\n<ul style=\"font-size:18px\" class=\"wp-block-list\">\n<li>Manipulaci\u00f3n, atornillado y desbarbado mediante robots articulados y SCARA.<\/li>\n\n\n\n<li>Sistemas integrados con m\u00e1quinas herramienta especiales.<\/li>\n<\/ul>\n\n\n\n<p style=\"font-size:18px;line-height:2.4\"><\/p>\n\n\n\n<p style=\"line-height:2.4\"><\/p>\n\n\n\n<p style=\"line-height:2.4\"><\/p>\n\n\n\n<p><\/p>\n<\/div>\n<\/div>\n\n\n\n<div class=\"wp-block-vk-blocks-spacer vk_spacer vk_spacer-type-height vk_spacer-type-margin-top\"><div class=\"vk_block-margin-lg--height\"><\/div><\/div>\n\n\n\n<h2 class=\"wp-block-heading\">Experiencia<\/h2>\n\n\n\n<ul style=\"font-size:18px\" class=\"wp-block-list\">\n<li>Dise\u00f1o y desarrollo de m\u00e1quinas herramienta especiales (para componentes de automoci\u00f3n, materiales de construcci\u00f3n, componentes neum\u00e1ticos e industria general).<\/li>\n\n\n\n<li>Dise\u00f1o y fabricaci\u00f3n de utillajes.<\/li>\n\n\n\n<li>Dise\u00f1o y desarrollo de sistemas rob\u00f3ticos (manipulaci\u00f3n, atornillado y desbarbado).<\/li>\n<\/ul>\n\n\n\n<p style=\"font-size:18px\"><\/p>\n\n\n\n<p><\/p>\n","protected":false},"excerpt":{"rendered":"<p>Dise\u00f1o y fabricaci\u00f3n de m\u00e1quinas herramienta especiales Dise\u00f1o y fabricaci\u00f3n de utillajes Sistemas rob\u00f3ticos E [&hellip;]<\/p>\n","protected":false},"author":1,"featured_media":0,"parent":0,"menu_order":0,"comment_status":"closed","ping_status":"closed","template":"","meta":{"_locale":"es_ES","_original_post":"https:\/\/machine-kaihatsu.com\/?page_id=98","vkexunit_cta_each_option":"","footnotes":""},"class_list":["post-395","page","type-page","status-publish","hentry","es-ES"],"_links":{"self":[{"href":"https:\/\/machine-kaihatsu.com\/wp-json\/wp\/v2\/pages\/395","targetHints":{"allow":["GET"]}}],"collection":[{"href":"https:\/\/machine-kaihatsu.com\/wp-json\/wp\/v2\/pages"}],"about":[{"href":"https:\/\/machine-kaihatsu.com\/wp-json\/wp\/v2\/types\/page"}],"author":[{"embeddable":true,"href":"https:\/\/machine-kaihatsu.com\/wp-json\/wp\/v2\/users\/1"}],"replies":[{"embeddable":true,"href":"https:\/\/machine-kaihatsu.com\/wp-json\/wp\/v2\/comments?post=395"}],"version-history":[{"count":2,"href":"https:\/\/machine-kaihatsu.com\/wp-json\/wp\/v2\/pages\/395\/revisions"}],"predecessor-version":[{"id":398,"href":"https:\/\/machine-kaihatsu.com\/wp-json\/wp\/v2\/pages\/395\/revisions\/398"}],"wp:attachment":[{"href":"https:\/\/machine-kaihatsu.com\/wp-json\/wp\/v2\/media?parent=395"}],"curies":[{"name":"wp","href":"https:\/\/api.w.org\/{rel}","templated":true}]}}