{"id":390,"date":"2026-01-21T10:29:29","date_gmt":"2026-01-21T01:29:29","guid":{"rendered":"https:\/\/machine-kaihatsu.com\/?page_id=390"},"modified":"2026-01-21T10:33:28","modified_gmt":"2026-01-21T01:33:28","slug":"about","status":"publish","type":"page","link":"https:\/\/machine-kaihatsu.com\/es\/about\/","title":{"rendered":"Qui\u00e9nes somos"},"content":{"rendered":"\n<h2 class=\"wp-block-heading has-primary-color has-text-color has-link-color wp-elements-0c29c6afdeb0a3bd40d17ca99d2186b6\">Filosof\u00eda corporativa<\/h2>\n\n\n\n<h1 class=\"wp-block-heading has-x-huge-font-size\">Desarrollar las oportunidades de cada persona.<\/h1>\n\n\n\n<div class=\"wp-block-vk-blocks-spacer vk_spacer vk_spacer-type-margin-top\"><div class=\"vk_block-margin-md--margin-top\"><\/div><\/div>\n\n\n\n<hr class=\"wp-block-separator has-text-color has-border-normal-color has-alpha-channel-opacity has-border-normal-background-color has-background is-style-wide\" style=\"margin-top:0;margin-bottom:0\"\/>\n\n\n\n<div class=\"wp-block-vk-blocks-spacer vk_spacer vk_spacer-type-margin-top\"><div class=\"vk_block-margin-md--margin-top\"><\/div><\/div>\n\n\n\n<h2 class=\"wp-block-heading has-primary-color has-text-color has-link-color wp-elements-7cfa7f4d4c560db33cd66008b41450da\">Filosof\u00eda de dise\u00f1o y gesti\u00f3n<\/h2>\n\n\n\n<ul class=\"wp-block-list has-x-huge-font-size\">\n<li>Claridad y simplicidad.<\/li>\n\n\n\n<li>Pensamiento flexible.<\/li>\n\n\n\n<li>Racionalidad.<\/li>\n\n\n\n<li>Valorar el trabajo en el terreno.<\/li>\n\n\n\n<li>Actuar por cuenta propia.<\/li>\n<\/ul>\n\n\n\n<div class=\"wp-block-vk-blocks-spacer vk_spacer vk_spacer-type-margin-top\"><div class=\"vk_block-margin-md--margin-top\"><\/div><\/div>\n\n\n\n<hr class=\"wp-block-separator has-text-color has-border-normal-color has-alpha-channel-opacity has-border-normal-background-color has-background is-style-wide\" style=\"margin-top:0;margin-bottom:0\"\/>\n\n\n\n<div class=\"wp-block-vk-blocks-spacer vk_spacer vk_spacer-type-margin-top\"><div class=\"vk_block-margin-md--margin-top\"><\/div><\/div>\n\n\n\n<h2 class=\"wp-block-heading has-primary-color has-text-color has-link-color wp-elements-55d01c37be9370e068971d2066547fe3\">Mensaje<\/h2>\n\n\n\n<div class=\"wp-block-vk-blocks-spacer vk_spacer vk_spacer-type-margin-top\"><div class=\"vk_block-margin-md--margin-top\"><\/div><\/div>\n\n\n\n<div class=\"wp-block-columns is-layout-flex wp-container-core-columns-is-layout-28f84493 wp-block-columns-is-layout-flex\">\n<div class=\"wp-block-column is-vertically-aligned-top is-layout-flow wp-block-column-is-layout-flow\" style=\"padding-top:0px;padding-right:0px;padding-bottom:0px;padding-left:0px;flex-basis:33.33%\">\n<figure class=\"wp-block-image size-full\"><img decoding=\"async\" src=\"https:\/\/machine-kaihatsu.com\/wp-content\/plugins\/impress-wordpress-plugin\/patterns-data\/images\/dummy-human-square.png\" alt=\"\" class=\"wp-image-195\"\/><\/figure>\n\n\n\n<div class=\"wp-block-vk-blocks-spacer vk_spacer\"><div class=\"vk_spacer-display-pc\" style=\"margin-top:1px\"><\/div><div class=\"vk_spacer-display-tablet\" style=\"margin-top:1px\"><\/div><div class=\"vk_spacer-display-mobile\" style=\"margin-top:24px\"><\/div><\/div>\n<\/div>\n\n\n\n<div class=\"wp-block-column is-vertically-aligned-top is-layout-flow wp-block-column-is-layout-flow\" style=\"flex-basis:66.66%\">\n<h6 class=\"wp-block-heading is-style-vk-heading-plain\">El nombre de nuestra empresa es Machine Kaihatsu, y \u201cKaihatsu\u201d significa \u201cdesarrollo\u201d en japon\u00e9s.<br>Nuestro objetivo no es solo desarrollar m\u00e1quinas, sino tambi\u00e9n crear valiosas oportunidades que apoyen los sue\u00f1os de nuestros clientes, socios comerciales y empleados.<\/h6>\n\n\n\n<p class=\"has-text-align-right has-black-color has-text-color has-large-font-size\"><strong>Machine Kaihatsu Co., Ltd.<\/strong><br>Director General<br>Takumi Hashimoto<\/p>\n<\/div>\n<\/div>\n\n\n\n<div class=\"wp-block-vk-blocks-spacer vk_spacer vk_spacer-type-height vk_spacer-type-margin-top\"><div class=\"vk_block-margin-lg--height\"><\/div><\/div>\n\n\n\n<p style=\"line-height:2.4\"><\/p>\n\n\n\n<p><\/p>\n","protected":false},"excerpt":{"rendered":"<p>Filosof\u00eda corporativa Desarrollar las oportunidades de cada persona. Filosof\u00eda de dise\u00f1o y gesti\u00f3n Mensaje El  [&hellip;]<\/p>\n","protected":false},"author":1,"featured_media":0,"parent":0,"menu_order":0,"comment_status":"closed","ping_status":"closed","template":"","meta":{"_locale":"es_ES","_original_post":"https:\/\/machine-kaihatsu.com\/?page_id=104","vkexunit_cta_each_option":"","footnotes":""},"class_list":["post-390","page","type-page","status-publish","hentry","es-ES"],"_links":{"self":[{"href":"https:\/\/machine-kaihatsu.com\/wp-json\/wp\/v2\/pages\/390","targetHints":{"allow":["GET"]}}],"collection":[{"href":"https:\/\/machine-kaihatsu.com\/wp-json\/wp\/v2\/pages"}],"about":[{"href":"https:\/\/machine-kaihatsu.com\/wp-json\/wp\/v2\/types\/page"}],"author":[{"embeddable":true,"href":"https:\/\/machine-kaihatsu.com\/wp-json\/wp\/v2\/users\/1"}],"replies":[{"embeddable":true,"href":"https:\/\/machine-kaihatsu.com\/wp-json\/wp\/v2\/comments?post=390"}],"version-history":[{"count":3,"href":"https:\/\/machine-kaihatsu.com\/wp-json\/wp\/v2\/pages\/390\/revisions"}],"predecessor-version":[{"id":394,"href":"https:\/\/machine-kaihatsu.com\/wp-json\/wp\/v2\/pages\/390\/revisions\/394"}],"wp:attachment":[{"href":"https:\/\/machine-kaihatsu.com\/wp-json\/wp\/v2\/media?parent=390"}],"curies":[{"name":"wp","href":"https:\/\/api.w.org\/{rel}","templated":true}]}}